{"id":65,"date":"2019-06-14T22:34:44","date_gmt":"2019-06-14T22:34:44","guid":{"rendered":"http:\/\/xn--handksshop-u5a.de\/?page_id=65"},"modified":"2024-12-28T23:56:26","modified_gmt":"2024-12-28T23:56:26","slug":"handkaesshop","status":"publish","type":"page","link":"https:\/\/xn--handksshop-u5a.de\/?page_id=65","title":{"rendered":"Handk\u00e4sshop"},"content":{"rendered":"<div id=\"pl-gb65-6a06f1894eb80\"  class=\"panel-layout\" ><div id=\"pg-gb65-6a06f1894eb80-0\"  class=\"panel-grid panel-no-style\" ><div id=\"pgc-gb65-6a06f1894eb80-0-0\"  class=\"panel-grid-cell\" ><div id=\"panel-gb65-6a06f1894eb80-0-0-0\" class=\"so-panel widget widget_sow-headline panel-first-child panel-last-child\" data-index=\"0\" ><div\n\t\t\t\n\t\t\tclass=\"so-widget-sow-headline so-widget-sow-headline-default-ea0af4cf39ae-65\"\n\t\t\t\n\t\t><div class=\"sow-headline-container \">\n\t\t\t\t\t\t\t<h1 class=\"sow-headline\">\n\t\t\t\t\t\tHANDK\u00c4S\u00b4 geht IMMER!\t\t\t\t\t\t<\/h1>\n\t\t\t\t\t\t\t\t\t\t\t<div class=\"decoration\">\n\t\t\t\t\t\t<div class=\"decoration-inside\"><\/div>\n\t\t\t\t\t<\/div>\n\t\t\t\t\t<\/div>\n<\/div><\/div><\/div><\/div><div id=\"pg-gb65-6a06f1894eb80-1\"  class=\"panel-grid panel-no-style\" ><div id=\"pgc-gb65-6a06f1894eb80-1-0\"  class=\"panel-grid-cell\" ><div id=\"panel-gb65-6a06f1894eb80-1-0-0\" class=\"so-panel widget widget_sow-editor panel-first-child\" data-index=\"1\" ><div\n\t\t\t\n\t\t\tclass=\"so-widget-sow-editor so-widget-sow-editor-base\"\n\t\t\t\n\t\t>\n<div class=\"siteorigin-widget-tinymce textwidget\">\n\t<h5 style=\"text-align: center;\"><span style=\"color: #000000;\">Der Handk\u00e4s\u2018 Shop m\u00f6chte das hessische Kulturgut wieder in die Mitte der Gesellschaft bringen &#8211; <\/span><\/h5>\n<h5 style=\"text-align: center;\"><span style=\"color: #000000;\">als vegetarischen Imbiss f\u00fcr Jedermann und -frau.<\/span><\/h5>\n<h5 style=\"text-align: center;\"><span style=\"color: #000000;\">Dabei setzen wir auf regionale Qualit\u00e4t, ausgesuchte Zutaten und kreative Geschmackserlebnisse.<\/span><\/h5>\n<h5 style=\"text-align: center;\"><span style=\"color: #000000;\">Bei uns gibt es keine halben Sachen: K\u00e4se, Brot und Worscht vom Handwerk, Zutaten nach Saison \u2013 <\/span><\/h5>\n<h5 style=\"text-align: center;\"><span style=\"color: #000000;\">ganz nach unseren Motto:<\/span><\/h5>\n<\/div>\n<\/div><\/div><div id=\"panel-gb65-6a06f1894eb80-1-0-1\" class=\"so-panel widget widget_sow-image panel-last-child\" data-index=\"2\" ><div\n\t\t\t\n\t\t\tclass=\"so-widget-sow-image so-widget-sow-image-default-113ccd71f3e6-65\"\n\t\t\t\n\t\t>\n<div class=\"sow-image-container\">\n\t\t<img \n\tsrc=\"https:\/\/xn--handksshop-u5a.de\/wp-content\/uploads\/2019\/06\/vegetarisch_nachhaltig.jpg\" width=\"600\" height=\"150\" srcset=\"https:\/\/xn--handksshop-u5a.de\/wp-content\/uploads\/2019\/06\/vegetarisch_nachhaltig.jpg 600w, https:\/\/xn--handksshop-u5a.de\/wp-content\/uploads\/2019\/06\/vegetarisch_nachhaltig-300x75.jpg 300w\" sizes=\"(max-width: 600px) 100vw, 600px\" alt=\"\" \t\tclass=\"so-widget-image\"\/>\n\t<\/div>\n\n<\/div><\/div><\/div><\/div><div id=\"pg-gb65-6a06f1894eb80-2\"  class=\"panel-grid panel-no-style\" ><div id=\"pgc-gb65-6a06f1894eb80-2-0\"  class=\"panel-grid-cell\" ><div id=\"panel-gb65-6a06f1894eb80-2-0-0\" class=\"so-panel widget widget_sow-headline panel-first-child\" data-index=\"3\" ><div\n\t\t\t\n\t\t\tclass=\"so-widget-sow-headline so-widget-sow-headline-default-7867a885539c-65\"\n\t\t\t\n\t\t><div class=\"sow-headline-container \">\n\t\t\t\t\t\t\t<h1 class=\"sow-headline\">\n\t\t\t\t\t\tProbiere Handk\u00e4s\u00b4 auch mal anders:\t\t\t\t\t\t<\/h1>\n\t\t\t\t\t\t\t\t\t\t\t<div class=\"decoration\">\n\t\t\t\t\t\t<div class=\"decoration-inside\"><\/div>\n\t\t\t\t\t<\/div>\n\t\t\t\t\t<\/div>\n<\/div><\/div><div id=\"panel-gb65-6a06f1894eb80-2-0-1\" class=\"so-panel widget widget_sow-editor panel-last-child\" data-index=\"4\" ><div\n\t\t\t\n\t\t\tclass=\"so-widget-sow-editor so-widget-sow-editor-base\"\n\t\t\t\n\t\t>\n<div class=\"siteorigin-widget-tinymce textwidget\">\n\t<h4 style=\"text-align: center;\"><span style=\"color: #000000;\">\u201eDer Vampir\u201c<\/span><br \/>\n<span style=\"color: #000000;\">mit Chili Blutworscht vom Metzger<\/span><\/h4>\n<h4 style=\"text-align: center;\"><span style=\"color: #000000;\">\u201eDer Kriftler\u201c<\/span><br \/>\n<span style=\"color: #000000;\">mit Erdbeeressig und frischen Erdbeeren<\/span><\/h4>\n<h4 style=\"text-align: center;\"><span style=\"color: #000000;\">\u201eDer Schwede\u201c<\/span><br \/>\n<span style=\"color: #000000;\">mit Preiselbeermarmelade<\/span><\/h4>\n<h4 style=\"text-align: center;\"><span style=\"color: #000000;\">\u201cDer Italiener\u201c<\/span><br \/>\n<span style=\"color: #000000;\">mit frischen Tomaten und Basilikum<\/span><\/h4>\n<\/div>\n<\/div><\/div><\/div><\/div><\/div>","protected":false},"excerpt":{"rendered":"<p>Der Handk\u00e4s\u2018 Shop m\u00f6chte das hessische Kulturgut wieder in die Mitte der Gesellschaft bringen &#8211; als vegetarischen Imbiss f\u00fcr Jedermann und -frau. Dabei setzen wir auf regionale Qualit\u00e4t, ausgesuchte Zutaten und kreative Geschmackserlebnisse. Bei uns gibt es keine halben Sachen: K\u00e4se, Brot und Worscht vom Handwerk, Zutaten nach Saison \u2013 ganz nach unseren Motto:<\/p>\n","protected":false},"author":1,"featured_media":0,"parent":0,"menu_order":0,"comment_status":"closed","ping_status":"closed","template":"","meta":{"footnotes":""},"class_list":["post-65","page","type-page","status-publish","hentry"],"_links":{"self":[{"href":"https:\/\/xn--handksshop-u5a.de\/index.php?rest_route=\/wp\/v2\/pages\/65","targetHints":{"allow":["GET"]}}],"collection":[{"href":"https:\/\/xn--handksshop-u5a.de\/index.php?rest_route=\/wp\/v2\/pages"}],"about":[{"href":"https:\/\/xn--handksshop-u5a.de\/index.php?rest_route=\/wp\/v2\/types\/page"}],"author":[{"embeddable":true,"href":"https:\/\/xn--handksshop-u5a.de\/index.php?rest_route=\/wp\/v2\/users\/1"}],"replies":[{"embeddable":true,"href":"https:\/\/xn--handksshop-u5a.de\/index.php?rest_route=%2Fwp%2Fv2%2Fcomments&post=65"}],"version-history":[{"count":35,"href":"https:\/\/xn--handksshop-u5a.de\/index.php?rest_route=\/wp\/v2\/pages\/65\/revisions"}],"predecessor-version":[{"id":321,"href":"https:\/\/xn--handksshop-u5a.de\/index.php?rest_route=\/wp\/v2\/pages\/65\/revisions\/321"}],"wp:attachment":[{"href":"https:\/\/xn--handksshop-u5a.de\/index.php?rest_route=%2Fwp%2Fv2%2Fmedia&parent=65"}],"curies":[{"name":"wp","href":"https:\/\/api.w.org\/{rel}","templated":true}]}}