{"id":37,"date":"2019-06-14T22:06:42","date_gmt":"2019-06-14T22:06:42","guid":{"rendered":"http:\/\/xn--handksshop-u5a.de\/?page_id=37"},"modified":"2025-09-29T13:18:21","modified_gmt":"2025-09-29T13:18:21","slug":"impressum","status":"publish","type":"page","link":"https:\/\/xn--handksshop-u5a.de\/?page_id=37","title":{"rendered":"Impressum"},"content":{"rendered":"\n<p><strong>Der Handk\u00e4s&#8216; Shop UG <\/strong><br>Kevin Bornath <br>Alt-Sindlingen 3<br>65931 Frankfurt am Main<\/p>\n\n\n\n<p><\/p>\n\n\n\n<p><strong>Kontakt<\/strong><br>Telefon: +49(0)157 743 81 9 81 <br>e-mail: info@handk\u00e4sshop.de<br>Website: www.handk\u00e4sshop.de<\/p>\n\n\n\n<p>: : : : : : : : : : : : : : : : : : : : : : : : :\u00a0 : : : : : : : : : : : : : <\/p>\n\n\n\n<p>Verantwortlich f\u00fcr den Inhalt der Website www.handk\u00e4sshop.de<br>Kevin Bornath<br>(Anschrift siehe oben)<\/p>\n\n\n\n<p>: : : : : : : : : : : : : : : : : : : : : : : : :\u00a0 : : : : : : : : : : : : : <\/p>\n\n\n\n<p><strong>Datenschutzerkl\u00e4rung<\/strong><\/p>\n\n\n\n<p><strong>Anbieter und verantwortliche Stelle im Sinne des Datenschutzgesetzes<\/strong><\/p>\n\n\n\n<p><strong>Der Handk\u00e4s&#8216; Shop UG <\/strong><br>Kevin Bornath <br>Alt-Sindlingen 3<br>65931 Frankfurt am Main<\/p>\n\n\n\n<p>: : : : : : : : : : : : : : : : : : : : : : : : :\u00a0 : : : : : : : : : : : : : <\/p>\n\n\n\n<p><strong>Geltungsbereich<\/strong><\/p>\n\n\n\n<p>Nutzer erhalten mit dieser Datenschutzerkl\u00e4rung Information \u00fcber die \nArt, den Umfang und Zweck der Erhebung und Verwendung ihrer Daten durch \nden verantwortlichen Anbieter erhoben und verwendet werden. <\/p>\n\n\n\n<p>Den rechtlichen Rahmen f\u00fcr den Datenschutz bilden das Bundesdatenschutzgesetz (BDSG) und das Telemediengesetz (TMG).<\/p>\n\n\n\n<p><strong>Erbringung kostenpflichtiger Leistungen<\/strong><\/p>\n\n\n\n<p>Damit wir kostenpflichtige Leistungen erbringen k\u00f6nnen, fragen wir \nzus\u00e4tzliche Daten ab. Das gilt zum Beispiel f\u00fcr die Angaben zur Zahlung.<\/p>\n\n\n\n<p>Damit die Sicherheit Ihrer Daten w\u00e4hrend der \u00dcbertragung \ngew\u00e4hrleistet ist, arbeiten wir mit Verschl\u00fcsselungsverfahren (etwa SSL)\n \u00fcber HTTPS, die den aktuellen Stand der Technik widerspiegeln.<\/p>\n\n\n\n<p><strong>Kontaktformular<\/strong><\/p>\n\n\n\n<p>Wenn Sie uns \u00fcber das Onlineformular oder per E-Mail kontaktieren, \nspeichern wir die von Ihnen gemachten Angaben, um Ihre Anfrage \nbeantworten und m\u00f6gliche Anschlussfragen stellen zu k\u00f6nnen.<\/p>\n\n\n\n<p><strong>Einbindung von Diensten und Inhalten Dritter<\/strong><\/p>\n\n\n\n<p>Unser Angebot umfasst mitunter Inhalte, Dienste und Leistungen \nanderer Anbieter. Das sind zum Beispiel Karten, die von Google-Maps zur \nVerf\u00fcgung gestellt werden, Videos von YouTube sowie Grafiken und Bilder \nanderer Webseiten. Damit diese Daten im Browser des Nutzers aufgerufen \nund dargestellt werden k\u00f6nnen, ist die \u00dcbermittlung der IP-Adresse \nzwingend notwendig. Die Anbieter (im Folgenden als \u201eDritt-Anbieter\u201c \nbezeichnet) nehmen also die IP-Adresse des jeweiligen Nutzers wahr. <\/p>\n\n\n\n<p>Auch wenn wir bem\u00fcht sind, ausschlie\u00dflich Dritt-Anbieter zu nutzen, \nwelche die IP-Adresse nur ben\u00f6tigen, um Inhalte ausliefern zu k\u00f6nnen, \nhaben wir keinen Einfluss darauf, ob die IP-Adresse m\u00f6glicherweise \ngespeichert wird. Dieser Vorgang dient in dem Fall unter anderem \nstatistischen Zwecken. Sofern wir Kenntnis davon haben, dass die \nIP-Adresse gespeichert wird, weisen wir unsere Nutzer darauf hin.\t\t\t\t\t\t\t<\/p>\n\n\n\n<p><strong>Cookies<\/strong><\/p>\n\n\n\n<p>Diese Webseite verwendet sogenannte Cookies. Das sind Textdateien, \ndie vom Server aus auf Ihrem Rechner gespeichert werden. Sie enthalten \nInformationen zum Browser, zur IP-Adresse, dem Betriebssystem und zur \nInternetverbindung. Diese Daten werden von uns nicht an Dritte \nweitergegeben oder ohne ihre Zustimmung mit personenbezogenen Daten \nverkn\u00fcpft.<\/p>\n\n\n\n<p>Cookies erf\u00fcllen vor allem zwei Aufgaben. Sie helfen uns, Ihnen die \nNavigation durch unser Angebot zu erleichtern, und erm\u00f6glichen die \nkorrekte Darstellung der Webseite. Sie werden nicht dazu genutzt, Viren \neinzuschleusen oder Programme zu starten.<\/p>\n\n\n\n<p>Nutzer haben die M\u00f6glichkeit, unser Angebot auch ohne Cookies \naufzurufen. Dazu m\u00fcssen im Browser die entsprechenden Einstellungen \nge\u00e4ndert werden. Informieren Sie sich bitte \u00fcber die Hilfsfunktion Ihres\n Browsers, wie Cookies deaktiviert werden. Wir weisen allerdings darauf \nhin, dass dadurch einige Funktionen dieser Webseite m\u00f6glicherweise \nbeeintr\u00e4chtigt werden und der Nutzungskomfort eingeschr\u00e4nkt wird. Die \nSeiten <a href=\"http:\/\/www.aboutads.info\/choices\/\">http:\/\/www.aboutads.info\/choices\/<\/a> (USA) und <a href=\"http:\/\/www.youronlinechoices.com\/uk\/your-ad-choices\/\">http:\/\/www.youronlinechoices.com\/uk\/your-ad-choices\/<\/a> (Europa) erlauben es Ihnen, Online-Anzeigen-Cookies zu verwalten.<\/p>\n\n\n\n<p><strong>Datensparsamkeit<\/strong><\/p>\n\n\n\n<p>Personenbezogene Daten speichern wir gem\u00e4\u00df den Grunds\u00e4tzen der \nDatenvermeidung und Datensparsamkeit nur so lange, wie es erforderlich \nist oder vom Gesetzgeber her vorgeschrieben wird (gesetzliche \nSpeicherfrist). Entf\u00e4llt der Zweck der erhobenen Informationen oder \nendet die Speicherfrist, sperren oder l\u00f6schen wir die Daten.<\/p>\n\n\n\n<p><strong>Ihre Rechte auf Auskunft, Berichtigung, Sperre, L\u00f6schung und Widerspruch<\/strong><\/p>\n\n\n\n<p>Sie haben das Recht, auf Antrag unentgeltlich eine Auskunft, \u00fcber die\n bei uns gespeicherten personenbezogenen Daten, anzufordern und\/oder \neine Berichtigung, Sperrung oder L\u00f6schung zu verlangen. Ausnahmen: Es \nhandelt sich um die vorgeschriebene Datenspeicherung zur \nGesch\u00e4ftsabwicklung oder die Daten unterliegen der gesetzlichen \nAufbewahrungspflicht.<\/p>\n\n\n\n<p>F\u00fcr diese Zwecke kontaktieren Sie bitte unseren Datenschutzbeauftragen (Kontaktdaten: am Ende der Datenschutzerkl\u00e4rung).<\/p>\n\n\n\n<p>Um eine Datensperre jederzeit ber\u00fccksichtigen zu k\u00f6nnen, ist es \nerforderlich, die Daten f\u00fcr Kontrollzwecke in einer Sperrdatei \nvorzuhalten. Besteht keine gesetzliche Archivierungspflicht, k\u00f6nnen Sie \nauch die L\u00f6schung der Daten verlangen. Anderenfalls sperren wir die \nDaten, sofern Sie dies w\u00fcnschen.<\/p>\n\n\n\n<p><strong>\u00c4nderung unserer Datenschutzerkl\u00e4rung<\/strong><\/p>\n\n\n\n<p>Um zu gew\u00e4hrleisten, dass unsere Datenschutzerkl\u00e4rung stets den \naktuellen gesetzlichen Vorgaben entspricht, behalten wir uns jederzeit \n\u00c4nderungen vor. Das gilt auch f\u00fcr den Fall, dass die \nDatenschutzerkl\u00e4rung aufgrund neuer oder \u00fcberarbeiteter Leistungen, zum \nBeispiel neuer Serviceleistungen, angepasst werden muss. Die neue \nDatenschutzerkl\u00e4rung greift dann bei Ihrem n\u00e4chsten Besuch auf unserem \nAngebot.<\/p>\n\n\n\n<p>Quelle: Datenschutz-Konfigurator von <a href=\"http:\/\/www.mein-datenschutzbeauftragter.de\" target=\"_blank\" rel=\"noreferrer noopener\">mein-datenschutzbeauftragter.de<\/a><\/p>\n\n\n\n<h3 class=\"wp-block-heading\">Rechtswirksamkeit<\/h3>\n\n\n\n<p>Diese Datenschutzerklrung ist als Teil des  Internetangebotes auf www.handk\u00e4sshop.de zu betrachten, von dem aus auf diese  Seite verwiesen wurde. Sofern Teile oder einzelne Formulierungen dieses  Textes der geltenden Rechtslage nicht, nicht mehr, oder nicht  vollst\u00e4ndig entsprechen sollten, bleiben die \u00fcbrigen Teile des  Dokumentes in ihrem Inhalt und ihrer G\u00fcltigkeit davon unber\u00fchrt.<\/p>\n","protected":false},"excerpt":{"rendered":"<p>Der Handk\u00e4s&#8216; Shop UG Kevin Bornath Alt-Sindlingen 365931 Frankfurt am Main KontaktTelefon: +49(0)157 743 81 9 81 e-mail: info@handk\u00e4sshop.deWebsite: www.handk\u00e4sshop.de : : : : : : : : : : : : : : : : : : : : : : : : :\u00a0 : : : : : : : : : :&#8230;<\/p>\n","protected":false},"author":1,"featured_media":0,"parent":0,"menu_order":0,"comment_status":"closed","ping_status":"closed","template":"","meta":{"footnotes":""},"class_list":["post-37","page","type-page","status-publish","hentry"],"_links":{"self":[{"href":"https:\/\/xn--handksshop-u5a.de\/index.php?rest_route=\/wp\/v2\/pages\/37","targetHints":{"allow":["GET"]}}],"collection":[{"href":"https:\/\/xn--handksshop-u5a.de\/index.php?rest_route=\/wp\/v2\/pages"}],"about":[{"href":"https:\/\/xn--handksshop-u5a.de\/index.php?rest_route=\/wp\/v2\/types\/page"}],"author":[{"embeddable":true,"href":"https:\/\/xn--handksshop-u5a.de\/index.php?rest_route=\/wp\/v2\/users\/1"}],"replies":[{"embeddable":true,"href":"https:\/\/xn--handksshop-u5a.de\/index.php?rest_route=%2Fwp%2Fv2%2Fcomments&post=37"}],"version-history":[{"count":11,"href":"https:\/\/xn--handksshop-u5a.de\/index.php?rest_route=\/wp\/v2\/pages\/37\/revisions"}],"predecessor-version":[{"id":331,"href":"https:\/\/xn--handksshop-u5a.de\/index.php?rest_route=\/wp\/v2\/pages\/37\/revisions\/331"}],"wp:attachment":[{"href":"https:\/\/xn--handksshop-u5a.de\/index.php?rest_route=%2Fwp%2Fv2%2Fmedia&parent=37"}],"curies":[{"name":"wp","href":"https:\/\/api.w.org\/{rel}","templated":true}]}}