{"id":15,"date":"2019-06-14T21:50:48","date_gmt":"2019-06-14T21:50:48","guid":{"rendered":"http:\/\/xn--handksshop-u5a.de\/?page_id=15"},"modified":"2024-12-28T23:56:05","modified_gmt":"2024-12-28T23:56:05","slug":"bootstour","status":"publish","type":"page","link":"https:\/\/xn--handksshop-u5a.de\/?page_id=15","title":{"rendered":"Bootstour"},"content":{"rendered":"\n<h1 class=\"wp-block-heading\">St\u00f6ffche auf&#8217;m Schiffche &#8211; Bootstour mit Handk\u00e4s&#8216; &amp; Ebbelwoi<\/h1>\n\n\n<p>Ein Schifffahrt die lustig, eine Schifffahrt die ist sch\u00f6n \u2013 besonders wenn es noch <strong>St\u00f6ffche auf\u2019m Schiffche<\/strong> gibt. <br \/>Wir laden von April bis September zur Bootstour <strong>mit Handk\u00e4s und Ebbelwoi<\/strong> und versprechen einen Abend, den man nicht so schnell vergisst.<\/p>\n<p><strong>Zur Veranstaltung<\/strong><br \/>Die Fahrt startet ganz im Westen Frankfurts an der Anlegestelle der einzigen F\u00e4hre auf Stadtgebiet, der \u201eWalter Kolb\u201c, ganz in der N\u00e4he des H\u00f6chster Schlosses. <\/p>\n<p>Wenn das Schiff ablegt und die Versorgung steht, erwartet die Teilnehmer neben zwei unterschiedlichen Variationen aus unserem Programm und leckerem Apfelwein aus regionaler Herstellung, eine Schifffahrt in Richtung Frankfurter Osthafen.<\/p>\n<p>Erfahre dabei Wissenswertes \u00fcber die beiden Frankfurter Kulturg\u00fcter und die lokale Binnenschifffahrt. Highlights sind bei dieser Fahrt mit Sicherheit die Durchfahrt an der Staustufe Griesheim und der Blick auf die Frankfurter Skyline.<br \/>Das Komplettpaket beinhaltet neben den zwei Variationen Handk\u00e4s&#8216; zus\u00e4tzlich 1L Getr\u00e4nk pro Teilnehmer. <\/p>\n<p>Also nicht lange z\u00f6gern &#8211; und etwas sinnvolles zu Weihnachten (zum Geburtstag, zum Namenstag, oder einfach so?) verschenken!<\/p>\n\n\n<p class=\"has-medium-font-size\"><\/p>\n\n\n<div id=\"pl-gb15-6a06f179c60ea\"  class=\"panel-layout\" ><div id=\"pg-gb15-6a06f179c60ea-0\"  class=\"panel-grid panel-no-style\" ><div id=\"pgc-gb15-6a06f179c60ea-0-0\"  class=\"panel-grid-cell\" ><div id=\"panel-gb15-6a06f179c60ea-0-0-0\" class=\"so-panel widget widget_sow-image panel-first-child panel-last-child\" data-index=\"0\" ><div\n\t\t\t\n\t\t\tclass=\"so-widget-sow-image so-widget-sow-image-default-8b5b6f678277-15\"\n\t\t\t\n\t\t>\n<div class=\"sow-image-container\">\n\t\t<img \n\tsrc=\"https:\/\/xn--handksshop-u5a.de\/wp-content\/uploads\/2019\/06\/20012610a.jpg\" width=\"300\" height=\"200\" srcset=\"https:\/\/xn--handksshop-u5a.de\/wp-content\/uploads\/2019\/06\/20012610a.jpg 300w, https:\/\/xn--handksshop-u5a.de\/wp-content\/uploads\/2019\/06\/20012610a-272x182.jpg 272w\" sizes=\"(max-width: 300px) 100vw, 300px\" alt=\"\" \t\tclass=\"so-widget-image\"\/>\n\t<\/div>\n\n<\/div><\/div><\/div><div id=\"pgc-gb15-6a06f179c60ea-0-1\"  class=\"panel-grid-cell\" ><div id=\"panel-gb15-6a06f179c60ea-0-1-0\" class=\"so-panel widget widget_sow-editor panel-first-child panel-last-child\" data-index=\"1\" ><div\n\t\t\t\n\t\t\tclass=\"so-widget-sow-editor so-widget-sow-editor-base\"\n\t\t\t\n\t\t><h3 class=\"widget-title\">Infos:<\/h3>\n<div class=\"siteorigin-widget-tinymce textwidget\">\n\t<p><strong>Dauer:<\/strong> ca. 3 Stunden<br data-rich-text-line-break=\"true\" \/><strong>Treffpunkt:<\/strong> 15 Minuten vor Beginn an der Schiffsanlegestelle am H\u00f6chster Mainufer, Batterie, 65929 Frankfurt am Main<br data-rich-text-line-break=\"true\" \/><strong>Endpunkt:<\/strong> siehe Treffpunkt<br data-rich-text-line-break=\"true\" \/><strong>Rollstuhl- und\/oder Kinderwagengerecht: <span style=\"color: #ff0000;\">Ja<\/span><\/strong><br data-rich-text-line-break=\"true\" \/><strong>Mindestalter:<\/strong> 16<\/p>\n<\/div>\n<\/div><\/div><\/div><\/div><\/div>\n\n<div\n\t\t\t\n\t\t\tclass=\"so-widget-sow-image so-widget-sow-image-default-6ec9e3772f75\"\n\t\t\t\n\t\t><\/div>\n\n\n<p><\/p>\n\n\n\n<p class=\"has-vivid-red-color has-text-color has-medium-font-size\"><strong>Termine k\u00f6nnen Sie hier einsehen bzw. buchen:<\/strong><\/p>\n\n\n\n<p><a href=\"https:\/\/www.frankfurter-stadtevents.de\/Themen\/FFM-Inside-Secret-Places\/Stffche-aufm-Schiffche_20012610\/\" target=\"_blank\" rel=\"noreferrer noopener\" aria-label=\"https:\/\/www.frankfurter-stadtevents.de\/Themen\/FFM-Inside-Secret-Places\/Stffche-aufm-Schiffche_20012610\/ (\u00f6ffnet in neuem Tab)\">https:\/\/www.frankfurter-stadtevents.de\/Themen\/FFM-Inside-Secret-Places\/Stffche-aufm-Schiffche_20012610\/<\/a><\/p>\n\n\n\n<p class=\"has-medium-font-size\"><\/p>\n","protected":false},"excerpt":{"rendered":"<p>St\u00f6ffche auf&#8217;m Schiffche &#8211; Bootstour mit Handk\u00e4s&#8216; &amp; Ebbelwoi Ein Schifffahrt die lustig, eine Schifffahrt die ist sch\u00f6n \u2013 besonders wenn es noch St\u00f6ffche auf\u2019m Schiffche gibt. Wir laden von April bis September zur Bootstour mit Handk\u00e4s und Ebbelwoi und versprechen einen Abend, den man nicht so schnell vergisst. Zur VeranstaltungDie Fahrt startet ganz im&#8230;<\/p>\n","protected":false},"author":1,"featured_media":0,"parent":0,"menu_order":0,"comment_status":"closed","ping_status":"closed","template":"","meta":{"footnotes":""},"class_list":["post-15","page","type-page","status-publish","hentry"],"_links":{"self":[{"href":"https:\/\/xn--handksshop-u5a.de\/index.php?rest_route=\/wp\/v2\/pages\/15","targetHints":{"allow":["GET"]}}],"collection":[{"href":"https:\/\/xn--handksshop-u5a.de\/index.php?rest_route=\/wp\/v2\/pages"}],"about":[{"href":"https:\/\/xn--handksshop-u5a.de\/index.php?rest_route=\/wp\/v2\/types\/page"}],"author":[{"embeddable":true,"href":"https:\/\/xn--handksshop-u5a.de\/index.php?rest_route=\/wp\/v2\/users\/1"}],"replies":[{"embeddable":true,"href":"https:\/\/xn--handksshop-u5a.de\/index.php?rest_route=%2Fwp%2Fv2%2Fcomments&post=15"}],"version-history":[{"count":36,"href":"https:\/\/xn--handksshop-u5a.de\/index.php?rest_route=\/wp\/v2\/pages\/15\/revisions"}],"predecessor-version":[{"id":320,"href":"https:\/\/xn--handksshop-u5a.de\/index.php?rest_route=\/wp\/v2\/pages\/15\/revisions\/320"}],"wp:attachment":[{"href":"https:\/\/xn--handksshop-u5a.de\/index.php?rest_route=%2Fwp%2Fv2%2Fmedia&parent=15"}],"curies":[{"name":"wp","href":"https:\/\/api.w.org\/{rel}","templated":true}]}}